{"id":25941,"date":"2022-12-14T18:17:03","date_gmt":"2022-12-14T18:17:03","guid":{"rendered":"https:\/\/www.solutionozone.com\/?post_type=product&#038;p=25941"},"modified":"2023-03-03T11:12:02","modified_gmt":"2023-03-03T11:12:02","slug":"sistema-de-pulverizacao","status":"publish","type":"product","link":"https:\/\/www.solutionozone.com\/pt-pt\/produto\/sistema-de-pulverizacao\/","title":{"rendered":"Sistema de Pulveriza\u00e7\u00e3o"},"content":{"rendered":"<p>O Sistema de Pulveriza\u00e7\u00e3o ajuda-o a conseguir uma <span style=\"color: #3366ff;\"><a style=\"color: #3366ff;\" href=\"https:\/\/www.solutionozone.com\/pt-pt\/desinfecao\/\" target=\"_blank\" rel=\"noopener noreferrer\">desinfe\u00e7\u00e3o eficaz<\/a><\/span> das \u00e1reas tratadas, permitindo uma lavagem eficiente, sem uso de produtos qu\u00edmicos. Este sistema <span style=\"color: #3366ff;\"><a style=\"color: #3366ff;\" href=\"https:\/\/www.solutionozone.com\/pt-pt\/ozono\/efeito-em-patogenos\/\" target=\"_blank\" rel=\"noopener noreferrer\">elimina v\u00edrus e bact\u00e9rias<\/a><\/span>, pat\u00f3genos e fungos\u00a0de forma natural, biol\u00f3gica e de custos reduzidos.<\/p>\n<p>O ozono tem sido usado para fins de <a href=\"https:\/\/www.solutionozone.com\/pt-pt\/tratamento-agua\/\" target=\"_blank\" rel=\"noopener\"><span style=\"color: #3366ff;\">tratamento de \u00e1gua<\/span><\/a> em todo o mundo h\u00e1 mais de 100 anos. \u00c9 um dos compostos para o tratamento de \u00e1gua mais poderosos dispon\u00edveis hoje, devido \u00e0s suas propriedades distintas e exclusivas que permitem a desinfe\u00e7\u00e3o de grandes fluxos de \u00e1gua. Atualmente, \u00e9 o m\u00e9todo de purifica\u00e7\u00e3o de tratamento de \u00e1gua usado mais popular.\u00a0Usado e manuseado corretamente, \u00e9 seguro, natural e extremamente \u00fatil. Foi comprovado que este agente n\u00e3o t\u00f3xico desinfeta completamente a \u00e1gua, matando todos os pat\u00f3genos, bact\u00e9rias e v\u00edrus, sem deixar res\u00edduos t\u00f3xicos na \u00e1gua.<\/p>\n<p>O ozono \u00e9 um\u00a0poderoso oxidante,\u00a0<span style=\"color: #3366ff;\"><a style=\"color: #3366ff;\" href=\"https:\/\/www.solutionozone.com\/pt-pt\/ozono\/efeito-em-patogenos\/\" target=\"_blank\" rel=\"noopener noreferrer\">bactericida e viricida<\/a><\/span>, desta forma ao ser aplicado imediatamente ap\u00f3s a sua produ\u00e7\u00e3o, vai garantir a sua total efic\u00e1cia. Este sistema inclui um dep\u00f3sito de \u00e1gua, onde \u00e9 efetuada a produ\u00e7\u00e3o e mistura de ozono, evitando assim uma elevada concentra\u00e7\u00e3o de ozono respir\u00e1vel, garantido a seguran\u00e7a dos utilizadores. Este dep\u00f3sito, preparado para ser instalado num atrelado, permite a sua movimenta\u00e7\u00e3o pelas planta\u00e7\u00f5es.<\/p>\n","protected":false},"excerpt":{"rendered":"<p>Com base num sistema de produ\u00e7\u00e3o de ozono\u00a0<em>just in time<\/em>, este sistema permite a produ\u00e7\u00e3o de uma elevada concentra\u00e7\u00e3o de ozono que, aplicado diretamente nas <span style=\"color: #3366ff;\"><a style=\"color: #3366ff;\" href=\"https:\/\/www.solutionozone.com\/pt-pt\/cannabis-e-ozono\/\" target=\"_blank\" rel=\"noopener\">planta\u00e7\u00f5es de cannabis<\/a><\/span> e nos <a href=\"https:\/\/www.solutionozone.com\/pt-pt\/ozono-horticultura\/\" target=\"_blank\" rel=\"noopener\"><span style=\"color: #3366ff;\">campos agr\u00edcolas<\/span><\/a>, ir\u00e1 eliminar eficazmente bact\u00e9rias, v\u00edrus, pat\u00f3genos ou fungos, reduzindo assim a sua propaga\u00e7\u00e3o, melhorando o crescimento das plantas permitindo que estas cres\u00e7am saud\u00e1veis e naturalmente, sem qu\u00edmicos.<\/p>\n<p>\u00c9 um sistema 100% natural, amigo do ambiente.<\/p>\n<p><img loading=\"lazy\" decoding=\"async\" class=\"alignnone size-full wp-image-18722\" src=\"https:\/\/www.solutionozone.com\/wp-content\/uploads\/2020\/04\/ce-original_so_40px.jpg\" alt=\"\" width=\"56\" height=\"40\" \/>\u00a0<img loading=\"lazy\" decoding=\"async\" class=\"alignnone size-full wp-image-18719\" src=\"https:\/\/www.solutionozone.com\/wp-content\/uploads\/2020\/04\/rohs-original_so_40px.jpg\" alt=\"\" width=\"38\" height=\"40\" \/>\u00a0<img loading=\"lazy\" decoding=\"async\" class=\"alignnone size-full wp-image-18720\" src=\"https:\/\/www.solutionozone.com\/wp-content\/uploads\/2020\/04\/quality-control_40px.jpg\" alt=\"\" width=\"40\" height=\"40\" srcset=\"https:\/\/i0.wp.com\/www.solutionozone.com\/wp-content\/uploads\/2020\/04\/quality-control_40px.jpg?w=40&amp;ssl=1 40w, https:\/\/i0.wp.com\/www.solutionozone.com\/wp-content\/uploads\/2020\/04\/quality-control_40px.jpg?resize=300%2C300&amp;ssl=1 300w, https:\/\/i0.wp.com\/www.solutionozone.com\/wp-content\/uploads\/2020\/04\/quality-control_40px.jpg?resize=1024%2C1024&amp;ssl=1 1024w\" sizes=\"auto, (max-width: 40px) 100vw, 40px\" \/>\u00a0<img loading=\"lazy\" decoding=\"async\" class=\"alignnone size-full wp-image-18723\" src=\"https:\/\/www.solutionozone.com\/wp-content\/uploads\/2020\/04\/original_so_logo_green_tech_new_40px.jpg\" alt=\"\" width=\"40\" height=\"40\" srcset=\"https:\/\/i0.wp.com\/www.solutionozone.com\/wp-content\/uploads\/2020\/04\/original_so_logo_green_tech_new_40px.jpg?w=40&amp;ssl=1 40w, https:\/\/i0.wp.com\/www.solutionozone.com\/wp-content\/uploads\/2020\/04\/original_so_logo_green_tech_new_40px.jpg?resize=300%2C300&amp;ssl=1 300w, https:\/\/i0.wp.com\/www.solutionozone.com\/wp-content\/uploads\/2020\/04\/original_so_logo_green_tech_new_40px.jpg?resize=1024%2C1024&amp;ssl=1 1024w\" sizes=\"auto, (max-width: 40px) 100vw, 40px\" \/><\/p>\n<p>Para comprar este equipamento de ozono ou para mais informa\u00e7\u00f5es, envia email para\u00a0<a href=\"mailto:info@solutionozone.com?subject=SSO-O3-CSS01%20Sistema%20de%20Pulveriza\u00e7\u00e3o\" target=\"_blank\" rel=\"noopener noreferrer\"><span style=\"color: #3366ff;\">info@solutionozone.com<\/span>.<\/a><\/p>\n","protected":false},"featured_media":25928,"template":"","meta":{"jetpack_publicize_message":"","jetpack_publicize_feature_enabled":true,"jetpack_social_post_already_shared":true,"jetpack_social_options":{"image_generator_settings":{"template":"highway","default_image_id":0,"font":"","enabled":false},"version":2}},"product_brand":[],"product_cat":[507,584,586,517],"product_tag":[],"class_list":{"0":"post-25941","1":"product","2":"type-product","3":"status-publish","4":"has-post-thumbnail","6":"product_cat-tratamento-de-agua","7":"product_cat-industria-pt","8":"product_cat-agricultura","9":"product_cat-produtos-tecnicos","11":"first","12":"onbackorder","13":"taxable","14":"shipping-taxable","15":"product-type-simple"},"yoast_head":"<!-- This site is optimized with the Yoast SEO plugin v26.1.1 - https:\/\/yoast.com\/wordpress\/plugins\/seo\/ -->\n<title>Sistema de Pulveriza\u00e7\u00e3o - Solution Ozone<\/title>\n<meta name=\"robots\" content=\"index, follow, max-snippet:-1, max-image-preview:large, max-video-preview:-1\" \/>\n<link rel=\"canonical\" href=\"https:\/\/www.solutionozone.com\/pt-pt\/produto\/sistema-de-pulverizacao\/\" \/>\n<meta property=\"og:locale\" content=\"pt_PT\" \/>\n<meta property=\"og:type\" content=\"article\" \/>\n<meta property=\"og:title\" content=\"Sistema de Pulveriza\u00e7\u00e3o - Solution Ozone\" \/>\n<meta property=\"og:description\" content=\"Com base num sistema de produ\u00e7\u00e3o de ozono\u00a0just in time, este sistema permite a produ\u00e7\u00e3o de uma elevada concentra\u00e7\u00e3o de ozono que, aplicado diretamente nas planta\u00e7\u00f5es de cannabis e nos campos agr\u00edcolas, ir\u00e1 eliminar eficazmente bact\u00e9rias, v\u00edrus, pat\u00f3genos ou fungos, reduzindo assim a sua propaga\u00e7\u00e3o, melhorando o crescimento das plantas permitindo que estas cres\u00e7am saud\u00e1veis e naturalmente, sem qu\u00edmicos.  \u00c9 um sistema 100% natural, amigo do ambiente.  \u00a0\u00a0\u00a0  Para comprar este equipamento de ozono ou para mais informa\u00e7\u00f5es, envia email para\u00a0info@solutionozone.com.\" \/>\n<meta property=\"og:url\" content=\"https:\/\/www.solutionozone.com\/pt-pt\/produto\/sistema-de-pulverizacao\/\" \/>\n<meta property=\"og:site_name\" content=\"Solution Ozone\" \/>\n<meta property=\"article:publisher\" content=\"https:\/\/www.facebook.com\/SolutionOzone2018\/\" \/>\n<meta property=\"article:modified_time\" content=\"2023-03-03T11:12:02+00:00\" \/>\n<meta property=\"og:image\" content=\"https:\/\/www.solutionozone.com\/wp-content\/uploads\/2022\/12\/sso-o3-css01.png\" \/>\n\t<meta property=\"og:image:width\" content=\"750\" \/>\n\t<meta property=\"og:image:height\" content=\"751\" \/>\n\t<meta property=\"og:image:type\" content=\"image\/png\" \/>\n<meta name=\"twitter:card\" content=\"summary_large_image\" \/>\n<meta name=\"twitter:site\" content=\"@SolutionOzone\" \/>\n<meta name=\"twitter:label1\" content=\"Tempo estimado de leitura\" \/>\n\t<meta name=\"twitter:data1\" content=\"1 minuto\" \/>\n<script type=\"application\/ld+json\" class=\"yoast-schema-graph\">{\"@context\":\"https:\/\/schema.org\",\"@graph\":[{\"@type\":\"WebPage\",\"@id\":\"https:\/\/www.solutionozone.com\/pt-pt\/produto\/sistema-de-pulverizacao\/\",\"url\":\"https:\/\/www.solutionozone.com\/pt-pt\/produto\/sistema-de-pulverizacao\/\",\"name\":\"Sistema de Pulveriza\u00e7\u00e3o - Solution Ozone\",\"isPartOf\":{\"@id\":\"https:\/\/www.solutionozone.com\/#website\"},\"primaryImageOfPage\":{\"@id\":\"https:\/\/www.solutionozone.com\/pt-pt\/produto\/sistema-de-pulverizacao\/#primaryimage\"},\"image\":{\"@id\":\"https:\/\/www.solutionozone.com\/pt-pt\/produto\/sistema-de-pulverizacao\/#primaryimage\"},\"thumbnailUrl\":\"https:\/\/i0.wp.com\/www.solutionozone.com\/wp-content\/uploads\/2022\/12\/sso-o3-css01.png?fit=750%2C751&ssl=1\",\"datePublished\":\"2022-12-14T18:17:03+00:00\",\"dateModified\":\"2023-03-03T11:12:02+00:00\",\"breadcrumb\":{\"@id\":\"https:\/\/www.solutionozone.com\/pt-pt\/produto\/sistema-de-pulverizacao\/#breadcrumb\"},\"inLanguage\":\"pt-PT\",\"potentialAction\":[{\"@type\":\"ReadAction\",\"target\":[\"https:\/\/www.solutionozone.com\/pt-pt\/produto\/sistema-de-pulverizacao\/\"]}]},{\"@type\":\"ImageObject\",\"inLanguage\":\"pt-PT\",\"@id\":\"https:\/\/www.solutionozone.com\/pt-pt\/produto\/sistema-de-pulverizacao\/#primaryimage\",\"url\":\"https:\/\/i0.wp.com\/www.solutionozone.com\/wp-content\/uploads\/2022\/12\/sso-o3-css01.png?fit=750%2C751&ssl=1\",\"contentUrl\":\"https:\/\/i0.wp.com\/www.solutionozone.com\/wp-content\/uploads\/2022\/12\/sso-o3-css01.png?fit=750%2C751&ssl=1\",\"width\":750,\"height\":751},{\"@type\":\"BreadcrumbList\",\"@id\":\"https:\/\/www.solutionozone.com\/pt-pt\/produto\/sistema-de-pulverizacao\/#breadcrumb\",\"itemListElement\":[{\"@type\":\"ListItem\",\"position\":1,\"name\":\"Home\",\"item\":\"https:\/\/www.solutionozone.com\/pt-pt\/\"},{\"@type\":\"ListItem\",\"position\":2,\"name\":\"Loja\",\"item\":\"https:\/\/www.solutionozone.com\/pt-pt\/shop\/\"},{\"@type\":\"ListItem\",\"position\":3,\"name\":\"Sistema de Pulveriza\u00e7\u00e3o\"}]},{\"@type\":\"WebSite\",\"@id\":\"https:\/\/www.solutionozone.com\/#website\",\"url\":\"https:\/\/www.solutionozone.com\/\",\"name\":\"Solution Ozone\",\"description\":\"World Wide Ozone Experts\",\"publisher\":{\"@id\":\"https:\/\/www.solutionozone.com\/#organization\"},\"alternateName\":\"SO\",\"potentialAction\":[{\"@type\":\"SearchAction\",\"target\":{\"@type\":\"EntryPoint\",\"urlTemplate\":\"https:\/\/www.solutionozone.com\/?s={search_term_string}\"},\"query-input\":{\"@type\":\"PropertyValueSpecification\",\"valueRequired\":true,\"valueName\":\"search_term_string\"}}],\"inLanguage\":\"pt-PT\"},{\"@type\":\"Organization\",\"@id\":\"https:\/\/www.solutionozone.com\/#organization\",\"name\":\"Solution Ozone\",\"alternateName\":\"Gerozone, Lda.\",\"url\":\"https:\/\/www.solutionozone.com\/\",\"logo\":{\"@type\":\"ImageObject\",\"inLanguage\":\"pt-PT\",\"@id\":\"https:\/\/www.solutionozone.com\/#\/schema\/logo\/image\/\",\"url\":\"https:\/\/www.solutionozone.com\/wp-content\/uploads\/2023\/06\/logo-so.png\",\"contentUrl\":\"https:\/\/www.solutionozone.com\/wp-content\/uploads\/2023\/06\/logo-so.png\",\"width\":150,\"height\":54,\"caption\":\"Solution Ozone\"},\"image\":{\"@id\":\"https:\/\/www.solutionozone.com\/#\/schema\/logo\/image\/\"},\"sameAs\":[\"https:\/\/www.facebook.com\/SolutionOzone2018\/\",\"https:\/\/x.com\/SolutionOzone\",\"https:\/\/www.instagram.com\/solutionozone\/\",\"https:\/\/www.linkedin.com\/in\/solution-ozone-394903231\/\",\"https:\/\/www.youtube.com\/channel\/UCkvwhMi-t6ZGXK7F2IQLgfg\"]}]}<\/script>\n<!-- \/ Yoast SEO plugin. -->","yoast_head_json":{"title":"Sistema de Pulveriza\u00e7\u00e3o - Solution Ozone","robots":{"index":"index","follow":"follow","max-snippet":"max-snippet:-1","max-image-preview":"max-image-preview:large","max-video-preview":"max-video-preview:-1"},"canonical":"https:\/\/www.solutionozone.com\/pt-pt\/produto\/sistema-de-pulverizacao\/","og_locale":"pt_PT","og_type":"article","og_title":"Sistema de Pulveriza\u00e7\u00e3o - Solution Ozone","og_description":"Com base num sistema de produ\u00e7\u00e3o de ozono\u00a0just in time, este sistema permite a produ\u00e7\u00e3o de uma elevada concentra\u00e7\u00e3o de ozono que, aplicado diretamente nas planta\u00e7\u00f5es de cannabis e nos campos agr\u00edcolas, ir\u00e1 eliminar eficazmente bact\u00e9rias, v\u00edrus, pat\u00f3genos ou fungos, reduzindo assim a sua propaga\u00e7\u00e3o, melhorando o crescimento das plantas permitindo que estas cres\u00e7am saud\u00e1veis e naturalmente, sem qu\u00edmicos.  \u00c9 um sistema 100% natural, amigo do ambiente.  \u00a0\u00a0\u00a0  Para comprar este equipamento de ozono ou para mais informa\u00e7\u00f5es, envia email para\u00a0info@solutionozone.com.","og_url":"https:\/\/www.solutionozone.com\/pt-pt\/produto\/sistema-de-pulverizacao\/","og_site_name":"Solution Ozone","article_publisher":"https:\/\/www.facebook.com\/SolutionOzone2018\/","article_modified_time":"2023-03-03T11:12:02+00:00","og_image":[{"width":750,"height":751,"url":"https:\/\/www.solutionozone.com\/wp-content\/uploads\/2022\/12\/sso-o3-css01.png","type":"image\/png"}],"twitter_card":"summary_large_image","twitter_site":"@SolutionOzone","twitter_misc":{"Tempo estimado de leitura":"1 minuto"},"schema":{"@context":"https:\/\/schema.org","@graph":[{"@type":"WebPage","@id":"https:\/\/www.solutionozone.com\/pt-pt\/produto\/sistema-de-pulverizacao\/","url":"https:\/\/www.solutionozone.com\/pt-pt\/produto\/sistema-de-pulverizacao\/","name":"Sistema de Pulveriza\u00e7\u00e3o - Solution Ozone","isPartOf":{"@id":"https:\/\/www.solutionozone.com\/#website"},"primaryImageOfPage":{"@id":"https:\/\/www.solutionozone.com\/pt-pt\/produto\/sistema-de-pulverizacao\/#primaryimage"},"image":{"@id":"https:\/\/www.solutionozone.com\/pt-pt\/produto\/sistema-de-pulverizacao\/#primaryimage"},"thumbnailUrl":"https:\/\/i0.wp.com\/www.solutionozone.com\/wp-content\/uploads\/2022\/12\/sso-o3-css01.png?fit=750%2C751&ssl=1","datePublished":"2022-12-14T18:17:03+00:00","dateModified":"2023-03-03T11:12:02+00:00","breadcrumb":{"@id":"https:\/\/www.solutionozone.com\/pt-pt\/produto\/sistema-de-pulverizacao\/#breadcrumb"},"inLanguage":"pt-PT","potentialAction":[{"@type":"ReadAction","target":["https:\/\/www.solutionozone.com\/pt-pt\/produto\/sistema-de-pulverizacao\/"]}]},{"@type":"ImageObject","inLanguage":"pt-PT","@id":"https:\/\/www.solutionozone.com\/pt-pt\/produto\/sistema-de-pulverizacao\/#primaryimage","url":"https:\/\/i0.wp.com\/www.solutionozone.com\/wp-content\/uploads\/2022\/12\/sso-o3-css01.png?fit=750%2C751&ssl=1","contentUrl":"https:\/\/i0.wp.com\/www.solutionozone.com\/wp-content\/uploads\/2022\/12\/sso-o3-css01.png?fit=750%2C751&ssl=1","width":750,"height":751},{"@type":"BreadcrumbList","@id":"https:\/\/www.solutionozone.com\/pt-pt\/produto\/sistema-de-pulverizacao\/#breadcrumb","itemListElement":[{"@type":"ListItem","position":1,"name":"Home","item":"https:\/\/www.solutionozone.com\/pt-pt\/"},{"@type":"ListItem","position":2,"name":"Loja","item":"https:\/\/www.solutionozone.com\/pt-pt\/shop\/"},{"@type":"ListItem","position":3,"name":"Sistema de Pulveriza\u00e7\u00e3o"}]},{"@type":"WebSite","@id":"https:\/\/www.solutionozone.com\/#website","url":"https:\/\/www.solutionozone.com\/","name":"Solution Ozone","description":"World Wide Ozone Experts","publisher":{"@id":"https:\/\/www.solutionozone.com\/#organization"},"alternateName":"SO","potentialAction":[{"@type":"SearchAction","target":{"@type":"EntryPoint","urlTemplate":"https:\/\/www.solutionozone.com\/?s={search_term_string}"},"query-input":{"@type":"PropertyValueSpecification","valueRequired":true,"valueName":"search_term_string"}}],"inLanguage":"pt-PT"},{"@type":"Organization","@id":"https:\/\/www.solutionozone.com\/#organization","name":"Solution Ozone","alternateName":"Gerozone, Lda.","url":"https:\/\/www.solutionozone.com\/","logo":{"@type":"ImageObject","inLanguage":"pt-PT","@id":"https:\/\/www.solutionozone.com\/#\/schema\/logo\/image\/","url":"https:\/\/www.solutionozone.com\/wp-content\/uploads\/2023\/06\/logo-so.png","contentUrl":"https:\/\/www.solutionozone.com\/wp-content\/uploads\/2023\/06\/logo-so.png","width":150,"height":54,"caption":"Solution Ozone"},"image":{"@id":"https:\/\/www.solutionozone.com\/#\/schema\/logo\/image\/"},"sameAs":["https:\/\/www.facebook.com\/SolutionOzone2018\/","https:\/\/x.com\/SolutionOzone","https:\/\/www.instagram.com\/solutionozone\/","https:\/\/www.linkedin.com\/in\/solution-ozone-394903231\/","https:\/\/www.youtube.com\/channel\/UCkvwhMi-t6ZGXK7F2IQLgfg"]}]}},"jetpack_publicize_connections":[],"jetpack_sharing_enabled":true,"jetpack_likes_enabled":false,"_links":{"self":[{"href":"https:\/\/www.solutionozone.com\/pt-pt\/wp-json\/wp\/v2\/product\/25941","targetHints":{"allow":["GET"]}}],"collection":[{"href":"https:\/\/www.solutionozone.com\/pt-pt\/wp-json\/wp\/v2\/product"}],"about":[{"href":"https:\/\/www.solutionozone.com\/pt-pt\/wp-json\/wp\/v2\/types\/product"}],"wp:featuredmedia":[{"embeddable":true,"href":"https:\/\/www.solutionozone.com\/pt-pt\/wp-json\/wp\/v2\/media\/25928"}],"wp:attachment":[{"href":"https:\/\/www.solutionozone.com\/pt-pt\/wp-json\/wp\/v2\/media?parent=25941"}],"wp:term":[{"taxonomy":"product_brand","embeddable":true,"href":"https:\/\/www.solutionozone.com\/pt-pt\/wp-json\/wp\/v2\/product_brand?post=25941"},{"taxonomy":"product_cat","embeddable":true,"href":"https:\/\/www.solutionozone.com\/pt-pt\/wp-json\/wp\/v2\/product_cat?post=25941"},{"taxonomy":"product_tag","embeddable":true,"href":"https:\/\/www.solutionozone.com\/pt-pt\/wp-json\/wp\/v2\/product_tag?post=25941"}],"curies":[{"name":"wp","href":"https:\/\/api.w.org\/{rel}","templated":true}]}}